{"id":456,"date":"2020-10-13T14:46:14","date_gmt":"2020-10-13T14:46:14","guid":{"rendered":"http:\/\/ctce.de\/?page_id=456"},"modified":"2021-10-12T10:25:41","modified_gmt":"2021-10-12T10:25:41","slug":"impressum","status":"publish","type":"page","link":"https:\/\/ctce.de\/zh\/impressum\/","title":{"rendered":"Impressum"},"content":{"rendered":"<p>[et_pb_section fb_built=&#8220;1&#8243; _builder_version=&#8220;4.9.10&#8243; _module_preset=&#8220;default&#8220; global_colors_info=&#8220;{}&#8220;][et_pb_row _builder_version=&#8220;4.9.10&#8243; _module_preset=&#8220;default&#8220; global_colors_info=&#8220;{}&#8220;][et_pb_column type=&#8220;4_4&#8243; _builder_version=&#8220;4.9.10&#8243; _module_preset=&#8220;default&#8220; global_colors_info=&#8220;{}&#8220;][et_pb_text _builder_version=&#8220;4.9.10&#8243; _module_preset=&#8220;default&#8220; global_colors_info=&#8220;{}&#8220;]<\/p>\n<h1>Impressum<\/h1>\n<p>\u4e2d\u56fd\u8d38\u6613\u4e2d\u5fc3\u6b27\u6d32\u6709\u9650\u516c\u53f8<\/p>\n<p>Hedwigstr. 30-32<br \/>DE-47058 Duisburg<\/p>\n<p>\u7535\u8bdd\uff1a+49 203 70907036<br \/>\u624b\u673a\uff1a+49 176 24205658<br \/>\u7535\u5b50\u90ae\u4ef6\uff1ainfo@ctce.de<\/p>\n<p>Register<br \/>Duisburg- HRB 26806<\/p>\n<p>Gesch\u00e4ftsf\u00fchrerin<br \/>Frau Yaomin Wang<\/p>\n<p>Umsatzsteuer-ID<br \/>DE299322171<\/p>\n<p>Haftung f\u00fcr Inhalte<br \/>Unsere Seiten und deren Inhalte sind mit gro\u00dfer Sorgfalt und Kontrolle erstellt. Dennoch k\u00f6nnen wir f\u00fcr Richtigkeit, Vollst\u00e4ndigkeit und Aktualit\u00e4t keine Haftung \u00fcbernehmen. Auch f\u00fcr den Inhalt externer Links \u00fcbernehmen wir keine Haftung. Verlinkte Seiten und ihr Inhalt stehen ausschlie\u00dflich in der Verantwortung ihrer Anbieter und Betreiber.<\/p>\n<p>Datenschutzerkl\u00e4rung<br \/>Sie k\u00f6nnen unsere Webseite\u00a0ohne Angabe personenbezogener Daten nutzen.\u00a0Im\u00a0Kontaktformular\u00a0erheben wir personenbezogene Daten (beispielsweise Name, Anschrift,\u00a0E-Mail-Adresse) zur Kontaktaufnahme zu uns.\u00a0Dies erfolgt f\u00fcr Sie nat\u00fcrlich auf freiwilliger Basis.\u00a0Ihre\u00a0Daten werden ohne Ihre ausdr\u00fcckliche Zustimmung niemals an Dritte weitergegeben. S\u00e4mtliche personenbezogene Daten speichern wir nur solange, wie dies f\u00fcr den genannten Zweck wie z.B. die Bearbeitung Ihrer Anfrage oder die Abwicklung eines Vertrages erfordern. Wir ber\u00fccksichtigen die steuer- und handelsrechtlichen Aufbewahrungsfristen. Wir weisen darauf hin, dass die Daten\u00fcbertragung im Internet (z.B. bei der Kommunikation per E-Mail) Sicherheitsl\u00fccken aufweisen kann. Ein l\u00fcckenloser Schutz der Daten vor dem Zugriff durch Dritte ist nicht m\u00f6glich.<br \/>Im\u00a0Rahmen der Impressumspflicht ver\u00f6ffentlichen wir unsere Kontaktdaten. Diese d\u00fcrfen nicht zur\u00a0\u00dcbersendung von nicht ausdr\u00fccklich angeforderter Werbung und Informationsmaterialien\u00a0durch Dritte genutzt werden.\u00a0Als Betreiber der\u00a0Seiten behalten wir uns\u00a0ausdr\u00fccklich rechtliche Schritte im Falle der unverlangten Zusendung von Werbeinformationen, etwa durch Spam-Mails, vor.<\/p>\n<p>[\/et_pb_text][\/et_pb_column][\/et_pb_row][\/et_pb_section]<\/p>","protected":false},"excerpt":{"rendered":"<p>Impressum China Trade Center Europe GmbH Hedwigstr. 30-32DE-47058 Duisburg Tel.: +49 203 70907036Mobil: +49 176 24205658E-Mail: info@ctce.de RegisterDuisburg- HRB 26806 Gesch\u00e4ftsf\u00fchrerinFrau Yaomin Wang Umsatzsteuer-IDDE299322171 Haftung f\u00fcr InhalteUnsere Seiten und deren Inhalte sind mit gro\u00dfer Sorgfalt und Kontrolle erstellt. Dennoch k\u00f6nnen wir f\u00fcr Richtigkeit, Vollst\u00e4ndigkeit und Aktualit\u00e4t keine Haftung \u00fcbernehmen. Auch f\u00fcr den Inhalt externer Links [&hellip;]<\/p>","protected":false},"author":1,"featured_media":0,"parent":0,"menu_order":0,"comment_status":"closed","ping_status":"closed","template":"","meta":{"_et_pb_use_builder":"on","_et_pb_old_content":"<!-- wp:divi\/placeholder \/-->","_et_gb_content_width":""},"_links":{"self":[{"href":"https:\/\/ctce.de\/zh\/wp-json\/wp\/v2\/pages\/456"}],"collection":[{"href":"https:\/\/ctce.de\/zh\/wp-json\/wp\/v2\/pages"}],"about":[{"href":"https:\/\/ctce.de\/zh\/wp-json\/wp\/v2\/types\/page"}],"author":[{"embeddable":true,"href":"https:\/\/ctce.de\/zh\/wp-json\/wp\/v2\/users\/1"}],"replies":[{"embeddable":true,"href":"https:\/\/ctce.de\/zh\/wp-json\/wp\/v2\/comments?post=456"}],"version-history":[{"count":4,"href":"https:\/\/ctce.de\/zh\/wp-json\/wp\/v2\/pages\/456\/revisions"}],"predecessor-version":[{"id":1113,"href":"https:\/\/ctce.de\/zh\/wp-json\/wp\/v2\/pages\/456\/revisions\/1113"}],"wp:attachment":[{"href":"https:\/\/ctce.de\/zh\/wp-json\/wp\/v2\/media?parent=456"}],"curies":[{"name":"wp","href":"https:\/\/api.w.org\/{rel}","templated":true}]}}