{"id":53,"date":"2020-09-22T12:52:34","date_gmt":"2020-09-22T12:52:34","guid":{"rendered":"http:\/\/ctce.de\/?page_id=53"},"modified":"2021-07-29T12:18:28","modified_gmt":"2021-07-29T12:18:28","slug":"startseite","status":"publish","type":"page","link":"https:\/\/ctce.de\/zh\/","title":{"rendered":"\u4e3b\u9875"},"content":{"rendered":"<p>[et_pb_section fb_built=&#8220;1&#8243; next_background_color=&#8220;#ffffff&#8220; _builder_version=&#8220;4.6.4&#8243; _module_preset=&#8220;default&#8220; use_background_color_gradient=&#8220;on&#8220; background_color_gradient_start=&#8220;rgba(40,192,236,0.35)&#8220; background_color_gradient_end=&#8220;rgba(41,196,169,0.35)&#8220; background_color_gradient_overlays_image=&#8220;on&#8220; background_image=&#8220;http:\/\/ctce.de\/wp-content\/uploads\/2020\/09\/business-14.jpg&#8220; background_enable_video_mp4=&#8220;off&#8220; min_height=&#8220;400px&#8220; max_height=&#8220;600px&#8220; custom_padding=&#8220;200px||200px|||&#8220; bottom_divider_style=&#8220;wave2&#8243; background_last_edited=&#8220;off|desktop&#8220; background__hover_enabled=&#8220;off|desktop&#8220;][et_pb_row _builder_version=&#8220;4.6.3&#8243; _module_preset=&#8220;default&#8220; custom_padding=&#8220;0px|||||&#8220;][et_pb_column type=&#8220;4_4&#8243; _builder_version=&#8220;4.6.3&#8243; _module_preset=&#8220;default&#8220;][et_pb_text _builder_version=&#8220;4.6.3&#8243; _module_preset=&#8220;default&#8220; text_text_color=&#8220;#ffffff&#8220; header_font=&#8220;||||||||&#8220; header_text_align=&#8220;center&#8220; header_text_color=&#8220;#ffffff&#8220; header_font_size=&#8220;35px&#8220; custom_margin=&#8220;|50px||50px|false|false&#8220; custom_margin_tablet=&#8220;|0px||0px|false|false&#8220; custom_margin_phone=&#8220;|0px||0px|false|false&#8220; custom_margin_last_edited=&#8220;on|desktop&#8220; header_font_tablet=&#8220;&#8220; header_font_phone=&#8220;&#8220; header_font_last_edited=&#8220;on|phone&#8220; header_font_size_tablet=&#8220;28px&#8220; header_font_size_phone=&#8220;26px&#8220; header_font_size_last_edited=&#8220;on|desktop&#8220;]<\/p>\n<h1>\u901a\u8fc7\u5fb7\u4e2d\u7ecf\u6d4e\u5173\u7cfb\u5b9e\u73b0\u589e\u957f<\/h1>\n<p>[\/et_pb_text][et_pb_button button_url=&#8220;#leistungen&#8220; button_text=&#8220;Zu den Leistungen&#8220; button_alignment=&#8220;center&#8220; _builder_version=&#8220;4.6.4&#8243; _module_preset=&#8220;default&#8220; custom_button=&#8220;on&#8220; button_border_width=&#8220;0px&#8220; custom_margin=&#8220;0px|||||&#8220; animation_style=&#8220;zoom&#8220; transform_styles__hover_enabled=&#8220;off|desktop&#8220; transform_scale__hover_enabled=&#8220;off|desktop&#8220; transform_translate__hover_enabled=&#8220;off|desktop&#8220; transform_rotate__hover_enabled=&#8220;off|desktop&#8220; transform_skew__hover_enabled=&#8220;off|desktop&#8220; transform_origin__hover_enabled=&#8220;off|desktop&#8220;][\/et_pb_button][\/et_pb_column][\/et_pb_row][\/et_pb_section][et_pb_section fb_built=&#8220;1&#8243; _builder_version=&#8220;4.6.3&#8243; _module_preset=&#8220;default&#8220; global_module=&#8220;62&#8243; saved_tabs=&#8220;all&#8220;][et_pb_row column_structure=&#8220;1_3,1_3,1_3&#8243; _builder_version=&#8220;4.6.3&#8243; _module_preset=&#8220;default&#8220;][et_pb_column type=&#8220;1_3&#8243; _builder_version=&#8220;4.6.3&#8243; _module_preset=&#8220;default&#8220;][et_pb_number_counter title=&#8220;Jahre Erfahrung im Deutsch-Chinesischen Handel&#8220; number=&#8220;5&#8243; percent_sign=&#8220;off&#8220; _builder_version=&#8220;4.6.4&#8243; _module_preset=&#8220;default&#8220; background_color=&#8220;rgba(0,0,0,0)&#8220; custom_padding=&#8220;||||false|false&#8220;][\/et_pb_number_counter][\/et_pb_column][et_pb_column type=&#8220;1_3&#8243; _builder_version=&#8220;4.6.3&#8243; _module_preset=&#8220;default&#8220;][et_pb_number_counter title=&#8220;Unternehmen betreut&#8220; number=&#8220;112&#8243; percent_sign=&#8220;off&#8220; _builder_version=&#8220;4.6.4&#8243; _module_preset=&#8220;default&#8220; background_color=&#8220;rgba(0,0,0,0)&#8220; custom_padding=&#8220;|0px||0px|false|false&#8220; border_width_right=&#8220;1px&#8220; border_width_left=&#8220;1px&#8220; border_radii_last_edited=&#8220;off|desktop&#8220; border_width_right_tablet=&#8220;0px&#8220; border_width_right_phone=&#8220;&#8220; border_width_right_last_edited=&#8220;on|phone&#8220; border_width_left_tablet=&#8220;0px&#8220; border_width_left_phone=&#8220;&#8220; border_width_left_last_edited=&#8220;on|tablet&#8220;][\/et_pb_number_counter][\/et_pb_column][et_pb_column type=&#8220;1_3&#8243; _builder_version=&#8220;4.6.3&#8243; _module_preset=&#8220;default&#8220;][et_pb_number_counter title=&#8220;internationale Standorte&#8220; number=&#8220;4&#8243; percent_sign=&#8220;off&#8220; _builder_version=&#8220;4.6.4&#8243; _module_preset=&#8220;default&#8220; background_color=&#8220;rgba(0,0,0,0)&#8220; custom_padding=&#8220;||||false|false&#8220;][\/et_pb_number_counter][\/et_pb_column][\/et_pb_row][\/et_pb_section][et_pb_section fb_built=&#8220;1&#8243; _builder_version=&#8220;4.6.3&#8243; _module_preset=&#8220;default&#8220;][et_pb_row _builder_version=&#8220;4.6.3&#8243; _module_preset=&#8220;default&#8220;][et_pb_column type=&#8220;4_4&#8243; _builder_version=&#8220;4.6.3&#8243; _module_preset=&#8220;default&#8220;][et_pb_text _builder_version=&#8220;4.6.3&#8243; _module_preset=&#8220;default&#8220;]<\/p>\n<h1 style=\"text-align: center;\">\u4e00\u8d77\u8de8\u8d8a\u754c\u9650<\/h1>\n<p>[\/et_pb_text][\/et_pb_column][\/et_pb_row][et_pb_row column_structure=&#8220;1_3,1_3,1_3&#8243; _builder_version=&#8220;4.6.3&#8243; _module_preset=&#8220;default&#8220;][et_pb_column type=&#8220;1_3&#8243; _builder_version=&#8220;4.6.3&#8243; _module_preset=&#8220;default&#8220;][et_pb_blurb title=&#8220;Kulturelle Besonderheiten&#8220; image=&#8220;http:\/\/ctce.de\/wp-content\/uploads\/2020\/10\/Start-Kultur-e1603793847988.jpeg&#8220; alt=&#8220;Sicht nach unten von der Chinesische Br\u00fccke in Beijing, China mit Wald und Bergen im Hintergrund&#8220; _builder_version=&#8220;4.6.4&#8243; _module_preset=&#8220;default&#8220;]<\/p>\n<p><span>\u4efb\u4f55\u60f3\u5728\u671d\u9633\u4e4b\u5730\u505a\u751f\u610f\u7684\u4eba\uff0c\u90fd\u5e94\u8be5\u4e86\u89e3\u5404\u81ea\u7684\u98ce\u4fd7\u4e60\u60ef\u3002\u4e0d\u540c\u7684\u5de5\u4f5c\u65b9\u5f0f\u548c\u6c9f\u901a\u65b9\u5f0f\u5f80\u5f80\u662f\u4e2d\u56fd\u8d38\u6613\u4e2d\u4ea7\u751f\u8bef\u89e3\u7684\u539f\u56e0\uff0c\u8fd9\u4f7f\u5f97\u6210\u529f\u7684\u56fd\u9645\u5408\u4f5c\u53d8\u5f97\u56f0\u96be\u6216\u6709\u65f6\u4e0d\u53ef\u80fd\u3002\u6211\u4eec\u4f1a\u5e2e\u60a8\u89e3\u51b3\u8fd9\u4e2a\u95ee\u9898\u3002<\/span><\/p>\n<p>[\/et_pb_blurb][\/et_pb_column][et_pb_column type=&#8220;1_3&#8243; _builder_version=&#8220;4.6.3&#8243; _module_preset=&#8220;default&#8220;][et_pb_blurb title=&#8220;Netzwerk: Politik &#038; Partner&#8220; image=&#8220;http:\/\/ctce.de\/wp-content\/uploads\/2020\/10\/Start-Politik-Partner.jpeg&#8220; alt=&#8220;Business H\u00e4ndesch\u00fctteln bei einem Meeting zwischen einem Deutschen und chinesischen Partnern&#8220; _builder_version=&#8220;4.6.4&#8243; _module_preset=&#8220;default&#8220;]<\/p>\n<p><span>\u4e3a\u4e86\u8ba9\u60a8\u59cb\u7ec8\u4e86\u89e3\u5404\u81ea\u56fd\u5bb6\/\u5730\u533a\u7684\u6700\u65b0\u653f\u6cbb\u52a8\u6001\uff0c\u4f5c\u4e3a\u54a8\u8be2\u7684\u4e00\u90e8\u5206\uff0c\u6211\u4eec\u4f1a\u4e0d\u65ad\u7814\u7a76\u6700\u65b0\u4fe1\u606f\u3002\u4ece\u6211\u4eec\u5e7f\u6cdb\u7684\u54a8\u8be2\u7f51\u7edc\u4e2d\u53d7\u76ca\u3002\u6211\u4eec\u7684\u7f51\u7edc\u5305\u62ec\u6765\u81ea\u4e0d\u540c\u9886\u57df\u7684\u5408\u4f5c\u4f19\u4f34\uff0c\u4f8b\u5982\u4f9b\u5e94\u5546\u6216\u5236\u9020\u5546\u3002<\/span><\/p>\n<p>[\/et_pb_blurb][\/et_pb_column][et_pb_column type=&#8220;1_3&#8243; _builder_version=&#8220;4.6.3&#8243; _module_preset=&#8220;default&#8220;][et_pb_blurb title=&#8220;F\u00f6rderung &#038; Standort&#8220; image=&#8220;http:\/\/ctce.de\/wp-content\/uploads\/2020\/10\/Start-Foerderung-e1603794107776.jpg&#8220; alt=&#8220;Zwei Business-Personen, die sich die Hand sch\u00fctteln&#8220; _builder_version=&#8220;4.6.4&#8243; _module_preset=&#8220;default&#8220;]<\/p>\n<p><span>\u6211\u4eec\u7684\u54a8\u8be2\u4e3a\u60a8\u63d0\u4f9b\u5e7f\u6cdb\u9886\u57df\u7684\u4e13\u4e1a\u652f\u6301\u3002\u6211\u4eec\u53ef\u4ee5\u5e2e\u52a9\u60a8\u57f9\u517b\u8de8\u6587\u5316\u6280\u80fd\u6216\u652f\u6301\u60a8\u5236\u5b9a\u8425\u9500\u548c\u9500\u552e\u7b56\u7565\u3002\u6211\u4eec\u4f1a\u4e3a\u60a8\u68c0\u67e5\u76f8\u5173\u7684\u4f4d\u7f6e\u65b9\u9762\uff0c\u4f8b\u5982\u57fa\u7840\u8bbe\u65bd\u3001\u4e0e\u5ba2\u6237\u548c\u4f9b\u5e94\u5546\u7684\u8ddd\u79bb\u6216\u76f8\u5e94\u5730\u533a\u7684\u7a0e\u7387\u3002<\/span><\/p>\n<p>[\/et_pb_blurb][\/et_pb_column][\/et_pb_row][\/et_pb_section][et_pb_section fb_built=&#8220;1&#8243; _builder_version=&#8220;4.6.3&#8243; _module_preset=&#8220;default&#8220; use_background_color_gradient=&#8220;on&#8220; background_color_gradient_start=&#8220;#28c0ec&#8220; background_color_gradient_end=&#8220;#22547d&#8220; background_color_gradient_direction=&#8220;135deg&#8220; global_module=&#8220;149&#8243; saved_tabs=&#8220;all&#8220;][et_pb_row _builder_version=&#8220;4.6.3&#8243; _module_preset=&#8220;default&#8220; animation_style=&#8220;slide&#8220; animation_direction=&#8220;left&#8220;][et_pb_column type=&#8220;4_4&#8243; _builder_version=&#8220;4.6.3&#8243; _module_preset=&#8220;default&#8220;][et_pb_text _builder_version=&#8220;4.6.3&#8243; _module_preset=&#8220;default&#8220; text_text_color=&#8220;#22547d&#8220; header_3_text_color=&#8220;#ffffff&#8220; custom_margin_tablet=&#8220;&#8220; custom_margin_phone=&#8220;&#8220; custom_margin_last_edited=&#8220;on|desktop&#8220; custom_padding=&#8220;|300px|||false|false&#8220; custom_padding_tablet=&#8220;|0px|||false|false&#8220; custom_padding_phone=&#8220;&#8220; custom_padding_last_edited=&#8220;on|desktop&#8220;]<\/p>\n<h2>\u4e0e\u6211\u4eec\u53d1\u5c55\u60a8\u7684\u4e2d\u5fb7\u5173\u7cfb<\/h2>\n<h3>Ob Sie eine Unternehmensgr\u00fcndung in China anstreben, Ihre Gesch\u00e4ftskontakte ausbauen m\u00f6chten oder Unterst\u00fctzung bei rechtlichen Beratungen, Verhandlungen oder \u00dcbersetzungen ben\u00f6tigen &#8211; wir begleiten Sie bei der Verwirklickung Ihrer Ziele und Projekte in China und Deutschland. Aus dem Internet!<\/h3>\n<p>[\/et_pb_text][et_pb_button button_url=&#8220;#referenzen&#8220; button_text=&#8220;Zu den Referenzen&#8220; _builder_version=&#8220;4.6.4&#8243; _module_preset=&#8220;default&#8220;][\/et_pb_button][\/et_pb_column][\/et_pb_row][\/et_pb_section][et_pb_section fb_built=&#8220;1&#8243; module_id=&#8220;leistungen&#8220; _builder_version=&#8220;4.6.4&#8243; _module_preset=&#8220;default&#8220; global_module=&#8220;150&#8243; saved_tabs=&#8220;all&#8220;][et_pb_row column_structure=&#8220;1_3,1_3,1_3&#8243; _builder_version=&#8220;4.6.3&#8243; _module_preset=&#8220;default&#8220;][et_pb_column type=&#8220;1_3&#8243; _builder_version=&#8220;4.6.3&#8243; _module_preset=&#8220;default&#8220;][et_pb_blurb title=&#8220;China Consult&#8220; use_icon=&#8220;on&#8220; font_icon=&#8220;%%251%%&#8220; _builder_version=&#8220;4.9.4&#8243; _module_preset=&#8220;default&#8220; background_color=&#8220;rgba(0,0,0,0)&#8220;]<\/p>\n<ul>\n<li><span style=\"font-size: 16px;\">\u4e3a\u5fb7\u56fd\u4f01\u4e1a\u5f00\u62d3\u4e2d\u56fd\u5e02\u573a<\/span><\/li>\n<li>\u652f\u6301\u5728\u4e2d\u56fd\u9500\u552e\u5fb7\u56fd\u4ea7\u54c1<\/li>\n<li>\u516c\u53f8\u5728\u4e2d\u56fd\u57ce\u5e02\u7684\u4ecb\u7ecd<\/li>\n<\/ul>\n<p>[\/et_pb_blurb][\/et_pb_column][et_pb_column type=&#8220;1_3&#8243; _builder_version=&#8220;4.6.3&#8243; _module_preset=&#8220;default&#8220;][et_pb_blurb title=&#8220;Deutschland Consult&#8220; use_icon=&#8220;on&#8220; font_icon=&#8220;%%249%%&#8220; title_last_edited=&#8220;off|desktop&#8220; _builder_version=&#8220;4.9.4&#8243; _module_preset=&#8220;default&#8220;]<\/p>\n<ul>\n<li><span style=\"font-size: 16px;\">\u4e3a\u4e2d\u56fd\u4f01\u4e1a\u6253\u5f00\u5fb7\u56fd\u5e02\u573a<\/span><\/li>\n<li>\u652f\u6301\u5728\u5fb7\u56fd\u9500\u552e\u4e2d\u56fd\u4ea7\u54c1<\/li>\n<li>\u5411\u5fb7\u56fd\u57ce\u5e02\u4ecb\u7ecd\u516c\u53f8<\/li>\n<\/ul>\n<p>[\/et_pb_blurb][\/et_pb_column][et_pb_column type=&#8220;1_3&#8243; _builder_version=&#8220;4.6.3&#8243; _module_preset=&#8220;default&#8220;][et_pb_blurb title=&#8220;Vermietung&#8220; use_icon=&#8220;on&#8220; font_icon=&#8220;%%270%%&#8220; _builder_version=&#8220;4.9.4&#8243; _module_preset=&#8220;default&#8220;]<\/p>\n<ul>\n<li>\u5728\u5fb7\u56fd\u7684\u4e2d\u56fd\u516c\u53f8<\/li>\n<li><span style=\"font-size: 16px;\">\u4e2d\u5fc3\u4f4d\u7f6e\uff1a\u675c\u4f0a\u65af\u5821<\/span><\/li>\n<li>\u4ecd\u5728\u5bfb\u627e\u79df\u6237<\/li>\n<\/ul>\n<p>[\/et_pb_blurb][\/et_pb_column][\/et_pb_row][et_pb_row _builder_version=&#8220;4.6.3&#8243; _module_preset=&#8220;default&#8220;][et_pb_column type=&#8220;4_4&#8243; _builder_version=&#8220;4.6.3&#8243; _module_preset=&#8220;default&#8220;][et_pb_button button_url=&#8220;\/china-consult&#8220; button_text=&#8220;Mehr erfahren&#8220; button_alignment=&#8220;center&#8220; _builder_version=&#8220;4.6.4&#8243; _module_preset=&#8220;default&#8220;][\/et_pb_button][\/et_pb_column][\/et_pb_row][\/et_pb_section][et_pb_section fb_built=&#8220;1&#8243; module_id=&#8220;referenzen&#8220; _builder_version=&#8220;4.6.4&#8243; _module_preset=&#8220;default&#8220; use_background_color_gradient=&#8220;on&#8220; background_color_gradient_start=&#8220;#28c0ec&#8220; background_color_gradient_end=&#8220;#d9d7dd&#8220; background_color_gradient_direction=&#8220;225deg&#8220; global_module=&#8220;151&#8243; saved_tabs=&#8220;all&#8220;][et_pb_row _builder_version=&#8220;4.6.3&#8243; _module_preset=&#8220;default&#8220;][et_pb_column type=&#8220;4_4&#8243; _builder_version=&#8220;4.6.3&#8243; _module_preset=&#8220;default&#8220;][et_pb_text _builder_version=&#8220;4.6.3&#8243; _module_preset=&#8220;default&#8220;]<\/p>\n<h2 style=\"text-align: center;\">\u6211\u4eec\u6210\u529f\u4e86<\/h2>\n<h3 style=\"text-align: center;\">\u6211\u4eec\u7684\u5de5\u4f5c\u5f97\u5230\u4e86\u56de\u62a5<\/h3>\n<p>[\/et_pb_text][et_pb_testimonial author=&#8220; Prof. Bernd Noche&#8220; job_title=&#8220;Professor&#8220; company_name=&#8220;Universit\u00e4t Duisburg-Essen&#8220; url_new_window=&#8220;on&#8220; portrait_url=&#8220;http:\/\/ctce.de\/wp-content\/uploads\/2021\/05\/Prof.-Dr.-Bernd-Noche.jpg&#8220; quote_icon_background_color=&#8220;#d9d7dd&#8220; use_icon_font_size=&#8220;on&#8220; icon_font_size=&#8220;50px&#8220; _builder_version=&#8220;4.9.4&#8243; _module_preset=&#8220;default&#8220; background_color=&#8220;#d9d7dd&#8220; border_color_all_portrait=&#8220;rgba(0,0,0,0)&#8220;]<\/p>\n<p class=\" translation-block\">CTCE\u516c\u53f8\u5728\u4e2d\u56fd\u548c\u5fb7\u56fd\u90fd\u6709\u5f88\u597d\u7684\u7f51\u7edc\u3002\u51ed\u501f\u4ed6\u4eec\u975e\u5e38\u79ef\u6781\u548c\u5fe0\u8bda\u7684\u5458\u5de5\uff0c\u5728\u53d1\u8d77\u8054\u7cfb\u65f6\u786e\u5b9a\u5e76\u89e3\u51b3\u76ee\u6807\u5229\u76ca\u76f8\u5173\u65b9\u3002\u901a\u8fc7\u8fd9\u4e00\u70b9\uff0cCTCE\u5df2\u7ecf\u4e0e\u8bb8\u591a\u6709\u8da3\u7684\u516c\u53f8\u5efa\u7acb\u4e86\u8054\u7cfb\u5e76\u7b7e\u8ba2\u4e86\u5408\u540c\u3002<\/p>\n<p>CTCE\u516c\u53f8\u662f\u4e2d\u5fb7\u4f01\u4e1a\u5bb6\u7684\u6865\u6881\u5efa\u8bbe\u8005\uff0c\u5b83\u5de7\u5999\u5730\u5229\u7528\u6587\u5316\u5dee\u5f02\u4f5c\u4e3a\u5efa\u7acb\u5404\u81ea\u7ecf\u6d4e\u5173\u7cfb\u7684\u4e30\u5bcc\u5185\u5bb9\uff0c\u5e76\u4e14\u975e\u5e38\u6210\u529f\u3002<\/p>\n<p>[\/et_pb_testimonial][et_pb_button button_url=&#8220;\/kontakt&#8220; button_text=&#8220;Jetzt Kontaktieren&#8220; button_alignment=&#8220;center&#8220; _builder_version=&#8220;4.6.4&#8243; _module_preset=&#8220;default&#8220;][\/et_pb_button][\/et_pb_column][\/et_pb_row][\/et_pb_section][et_pb_section fb_built=&#8220;1&#8243; _builder_version=&#8220;4.6.3&#8243; _module_preset=&#8220;default&#8220; custom_padding=&#8220;||100px|||&#8220; global_module=&#8220;344&#8243; saved_tabs=&#8220;all&#8220;][et_pb_row _builder_version=&#8220;4.6.3&#8243; _module_preset=&#8220;default&#8220;][et_pb_column type=&#8220;4_4&#8243; _builder_version=&#8220;4.6.3&#8243; _module_preset=&#8220;default&#8220;][et_pb_text _builder_version=&#8220;4.6.3&#8243; _module_preset=&#8220;default&#8220;]<\/p>\n<h2 style=\"text-align: center;\">\u4f60\u60f3\u5728\u54ea\u91cc\u505a\u751f\u610f?<\/h2>\n<p>[\/et_pb_text][\/et_pb_column][\/et_pb_row][et_pb_row column_structure=&#8220;1_2,1_2&#8243; _builder_version=&#8220;4.6.3&#8243; _module_preset=&#8220;default&#8220;][et_pb_column type=&#8220;1_2&#8243; _builder_version=&#8220;4.6.3&#8243; _module_preset=&#8220;default&#8220;][et_pb_text _builder_version=&#8220;4.6.4&#8243; _module_preset=&#8220;default&#8220; header_3_text_color=&#8220;#ffffff&#8220; background_enable_color=&#8220;off&#8220; use_background_color_gradient=&#8220;on&#8220; background_color_gradient_start=&#8220;rgba(40,192,236,0.4)&#8220; background_color_gradient_end=&#8220;rgba(41,196,169,0.4)&#8220; background_color_gradient_direction=&#8220;0deg&#8220; background_color_gradient_overlays_image=&#8220;on&#8220; background_image=&#8220;http:\/\/ctce.de\/wp-content\/uploads\/2020\/10\/Start-China-Consulting.jpeg&#8220; custom_margin=&#8220;||||false|false&#8220; custom_padding=&#8220;100px|25px|100px|25px|true|true&#8220; animation_style=&#8220;slide&#8220; animation_direction=&#8220;left&#8220; link_option_url=&#8220;\/china-consult&#8220; box_shadow_style=&#8220;preset1&#8243; background__hover_enabled=&#8220;on|hover&#8220; background_color_gradient_overlays_image__hover=&#8220;on&#8220; background_color_gradient_end_position__hover=&#8220;100%&#8220; background_color_gradient_start__hover=&#8220;rgba(40,192,236,0.6)&#8220; background_color_gradient_end__hover=&#8220;rgba(41,196,169,0.6)&#8220;]<\/p>\n<h3 style=\"text-align: center;\">\u5bf9\u4e8e\u5fb7\u56fd\u8d38\u6613\u4f19\u4f34<\/h3>\n<p>[\/et_pb_text][\/et_pb_column][et_pb_column type=&#8220;1_2&#8243; _builder_version=&#8220;4.6.3&#8243; _module_preset=&#8220;default&#8220;][et_pb_text _builder_version=&#8220;4.6.4&#8243; _module_preset=&#8220;default&#8220; header_3_text_color=&#8220;#ffffff&#8220; background_enable_color=&#8220;off&#8220; use_background_color_gradient=&#8220;on&#8220; background_color_gradient_start=&#8220;rgba(40,192,236,0.4)&#8220; background_color_gradient_end=&#8220;rgba(41,196,169,0.4)&#8220; background_color_gradient_overlays_image=&#8220;on&#8220; background_image=&#8220;http:\/\/ctce.de\/wp-content\/uploads\/2020\/10\/Start-Deutschland-Consulting.jpeg&#8220; custom_margin=&#8220;||||false|false&#8220; custom_padding=&#8220;100px|25px|100px|25px|true|true&#8220; animation_style=&#8220;slide&#8220; animation_direction=&#8220;right&#8220; link_option_url=&#8220;\/deutschland-consult&#8220; box_shadow_style=&#8220;preset1&#8243; background__hover_enabled=&#8220;on|hover&#8220; background_color_gradient_overlays_image__hover=&#8220;on&#8220; background_color_gradient_start__hover=&#8220;rgba(40,192,236,0.6)&#8220; background_color_gradient_end__hover=&#8220;rgba(41,196,169,0.6)&#8220;]<\/p>\n<h3 style=\"text-align: center;\">\u5bf9\u4e8e\u4e2d\u56fd\u8d38\u6613\u4f19\u4f34<\/h3>\n<p>[\/et_pb_text][\/et_pb_column][\/et_pb_row][\/et_pb_section][et_pb_section fb_built=&#8220;1&#8243; _builder_version=&#8220;4.6.3&#8243; _module_preset=&#8220;default&#8220; background_color=&#8220;#d9d7dd&#8220; global_module=&#8220;152&#8243; saved_tabs=&#8220;all&#8220;][et_pb_row column_structure=&#8220;2_5,3_5&#8243; _builder_version=&#8220;4.6.3&#8243; _module_preset=&#8220;default&#8220;][et_pb_column type=&#8220;2_5&#8243; _builder_version=&#8220;4.6.3&#8243; _module_preset=&#8220;default&#8220;][et_pb_image src=&#8220;http:\/\/ctce.de\/wp-content\/uploads\/2020\/12\/Yaomin-Wang-CTCE-e1606985218396.jpg&#8220; alt=&#8220;Yaomin Wang sitzt bei einer Veranstaltung im Publikum und schaut direkt in die Kamera&#8220; title_text=&#8220;Yaomin-Wang-CTCE&#8220; _builder_version=&#8220;4.6.4&#8243; _module_preset=&#8220;default&#8220; width=&#8220;100%&#8220; max_width=&#8220;100%&#8220; module_alignment=&#8220;right&#8220;][\/et_pb_image][\/et_pb_column][et_pb_column type=&#8220;3_5&#8243; _builder_version=&#8220;4.6.3&#8243; _module_preset=&#8220;default&#8220;][et_pb_text _builder_version=&#8220;4.9.4&#8243; _module_preset=&#8220;default&#8220;]<\/p>\n<h2>\u738b\u8000\u6c11<\/h2>\n<h3>CTCE\u6709\u9650\u516c\u53f8\u9996\u5e2d\u6267\u884c\u5b98<\/h3>\n<p>\u4f5c\u4e3a CTCE GmbH \u7684\u8463\u4e8b\u603b\u7ecf\u7406\uff0c\u5fb7\u56fd\u548c\u4e2d\u56fd\u4e4b\u95f4\u7684\u8d38\u6613\u4ee5\u53ca\u4e3a\u516c\u53f8\u63d0\u4f9b\u54a8\u8be2\u5bf9\u6211\u6765\u8bf4\u975e\u5e38\u91cd\u8981\u3002\u62e5\u6709\u8fd0\u8f93\u7cfb\u7edf\u548c\u7269\u6d41\u7855\u58eb\u5b66\u4f4d\uff0c\u4ee5\u53ca\u8425\u9500\u548c\u7ba1\u7406\u65b9\u9762\u7684\u4e13\u4e1a\u7ecf\u9a8c\uff0c\u6211\u5df2\u7ecf\u4e3a\u60a8\u7684\u8981\u6c42\u505a\u597d\u4e86\u5145\u5206\u7684\u51c6\u5907\u3002\u4e3a\u4e86\u4e0e\u60a8\u5728\u4e24\u56fd\u5171\u540c\u5f00\u53d1\u548c\u5b9e\u65bd\u9879\u76ee\uff0c\u6211\u80fd\u719f\u7ec3\u638c\u63e1\u5fb7\u8bed\u3001\u4e2d\u6587\u548c\u82f1\u8bed\u8fd9\u4e09\u79cd\u8bed\u8a00\u662f\u4e00\u4e2a\u4f18\u52bf\u3002<\/p>\n<p>[\/et_pb_text][et_pb_button button_url=&#8220;\/kontakt&#8220; button_text=&#8220;Jetzt kontaktieren&#8220; button_alignment=&#8220;left&#8220; _builder_version=&#8220;4.6.4&#8243; _module_preset=&#8220;default&#8220;][\/et_pb_button][\/et_pb_column][\/et_pb_row][\/et_pb_section][et_pb_section fb_built=&#8220;1&#8243; _builder_version=&#8220;4.6.3&#8243; _module_preset=&#8220;default&#8220;][et_pb_row custom_padding_last_edited=&#8220;on|desktop&#8220; _builder_version=&#8220;4.6.3&#8243; _module_preset=&#8220;default&#8220; custom_margin_last_edited=&#8220;off|desktop&#8220; custom_padding=&#8220;|100px||100px|false|true&#8220; custom_padding_tablet=&#8220;|0px||0px|false|true&#8220; custom_padding_phone=&#8220;|0px||0px|false|true&#8220; global_module=&#8220;442&#8243;][et_pb_column type=&#8220;4_4&#8243; _builder_version=&#8220;4.6.3&#8243; _module_preset=&#8220;default&#8220;][et_pb_text _builder_version=&#8220;4.9.4&#8243; _module_preset=&#8220;default&#8220;]<\/p>\n<h2 style=\"text-align: center;\">CTCE\u4f5c\u4e3a\u5408\u4f5c\u4f19\u4f34<\/h2>\n<h3 style=\"text-align: center;\">100% \u57fa\u4e8e\u6210\u529f<\/h3>\n<p style=\"text-align: left;\">\n<ul style=\"text-align: left;\">\n<li style=\"text-align: left;\"><span>\u4e2d\u56fd\u56fd\u6709\u4f01\u4e1a\u6b66\u6c49\u54c8\u6b27\u56fd\u9645\u7269\u6d41\u6709\u9650\u516c\u53f8\u4e0e\u6211\u4eec\u4f5c\u4e3a\u5408\u4f5c\u4f19\u4f34\u5728\u675c\u4f0a\u65af\u5821\u6210\u7acb\u4e86\u5206\u516c\u53f8 WAE GmbH\u3002\u5fb7\u56fd\u7684\u4e1a\u52a1\u5df2\u7ecf\u5f00\u59cb\u8fd0\u4f5c\u3002 <\/span><\/li>\n<li style=\"text-align: left;\"><span>\u4e2d\u56fd\u56fd\u6709\u4f01\u4e1a\u5170\u5dde\u9646\u6e2f\u56fd\u9645\u8d38\u6613\u6709\u9650\u516c\u53f8 \u5728\u6211\u4eec\u7684\u5e2e\u52a9\u4e0b\uff0c\u5728\u675c\u4f0a\u65af\u5821\u8bbe\u7acb\u4e86\u4e00\u4e2a\u4ee3\u7406\u673a\u6784\u3002<\/span><\/li>\n<li style=\"text-align: left;\" class=\" translation-block\">\u4e0e\u4e0a\u6d77\u6f15\u6cb3\u6cfe\u65b0\u5174\u79d1\u6280\u5f00\u53d1\u533a\u3001\u6cb3\u5317\u7701\u6e24\u6d77\u5f00\u53d1\u533a\u3001\u6d4e\u5357\u5e02\u6d4e\u5357\u521b\u65b0\u533a\u8fdb\u884c\u4ea4\u6d41\u3002<\/li>\n<li style=\"text-align: left;\"><span>\u5df2\u4e0e\u4e2d\u5357\u9ad8\u79d1\u96c6\u56e2\u3001\u6d4e\u5357\u6d4e\u5357\u9ad8\u79d1\u63a7\u80a1\u96c6\u56e2\u3001\u5170\u5dde\u9646\u6e2f\u6295\u8d44\u53d1\u5c55\u6709\u9650\u516c\u53f8\u7b49\u591a\u5bb6\u4f01\u4e1a\u8fbe\u6210\u534f\u8bae\u3002<\/span><\/li>\n<li style=\"text-align: left;\">\u4e0e\u4e0a\u6d77\u4e2d\u5357\u9ad8\u79d1\u96c6\u56e2\u3001\u5317\u4eac\u4e1c\u65b9\u667a\u5e93\u5728\u4e0a\u6d77\u8054\u5408\u4e3e\u529e\u56db\u573aCTCE\u5408\u4f5c\u5bf9\u63a5\u4f1a\u3002\u4f1a\u8bae\u671f\u95f4\uff0c\u5fb7\u56fd\u6280\u672f\u5728\u4e2d\u56fd\u6210\u529f\u5c55\u793a\u3002\u4f1a\u8bae\u7ed3\u675f\u540e\uff0c\u4e2d\u56fd\u519c\u4ea7\u54c1\u3001\u7535\u5b50\u4ea7\u54c1\u548c\u533b\u7597\u4ea7\u54c1\u8fdb\u5165\u5fb7\u56fd\u3002<\/li>\n<\/ul>\n<p>[\/et_pb_text][et_pb_image src=&#8220;http:\/\/ctce.de\/wp-content\/uploads\/2020\/09\/stars.png&#8220; title_text=&#8220;stars&#8220; align=&#8220;center&#8220; _builder_version=&#8220;4.9.4&#8243; _module_preset=&#8220;default&#8220; width=&#8220;40%&#8220;][\/et_pb_image][\/et_pb_column][\/et_pb_row][\/et_pb_section]<\/p>","protected":false},"excerpt":{"rendered":"<p>Wachstum durch deutsch-chinesische WirtschaftsbeziehungenGemeinsam Grenzen \u00fcberwindenWer im Land der aufgehenden Sonne Gescha\u0308fte machen mo\u0308chte, sollte die jeweiligen Sitten und Gebra\u0308uche gut kennen. Die verschiedenen Arbeitsweisen und Kommunikationsstile sind im China Handel oft die Ursache von Missversta\u0308ndnissen, die eine erfolgreiche internationale Zusammenarbeit erschweren oder teilweise unmo\u0308glich machen. Wir helfen Ihnen dabei.Damit Sie immer auf dem aktuellsten [&hellip;]<\/p>","protected":false},"author":1,"featured_media":0,"parent":0,"menu_order":0,"comment_status":"closed","ping_status":"closed","template":"","meta":{"_et_pb_use_builder":"on","_et_pb_old_content":"","_et_gb_content_width":""},"_links":{"self":[{"href":"https:\/\/ctce.de\/zh\/wp-json\/wp\/v2\/pages\/53"}],"collection":[{"href":"https:\/\/ctce.de\/zh\/wp-json\/wp\/v2\/pages"}],"about":[{"href":"https:\/\/ctce.de\/zh\/wp-json\/wp\/v2\/types\/page"}],"author":[{"embeddable":true,"href":"https:\/\/ctce.de\/zh\/wp-json\/wp\/v2\/users\/1"}],"replies":[{"embeddable":true,"href":"https:\/\/ctce.de\/zh\/wp-json\/wp\/v2\/comments?post=53"}],"version-history":[{"count":39,"href":"https:\/\/ctce.de\/zh\/wp-json\/wp\/v2\/pages\/53\/revisions"}],"predecessor-version":[{"id":1103,"href":"https:\/\/ctce.de\/zh\/wp-json\/wp\/v2\/pages\/53\/revisions\/1103"}],"wp:attachment":[{"href":"https:\/\/ctce.de\/zh\/wp-json\/wp\/v2\/media?parent=53"}],"curies":[{"name":"wp","href":"https:\/\/api.w.org\/{rel}","templated":true}]}}